{"id":1312,"date":"2024-01-22T19:08:04","date_gmt":"2024-01-22T16:08:04","guid":{"rendered":"https:\/\/helpukrainians.ro\/?page_id=1312"},"modified":"2024-01-23T15:31:43","modified_gmt":"2024-01-23T12:31:43","slug":"redirectioneaza-35-din-impozitul-tau-pe-venit","status":"publish","type":"page","link":"https:\/\/helpukrainians.ro\/uk\/redirectioneaza-35-din-impozitul-tau-pe-venit\/","title":{"rendered":"REDIREC\u021aIONEAZ\u0102 3,5% DIN IMPOZITUL T\u0102U PE VENIT"},"content":{"rendered":"<div data-elementor-type=\"wp-page\" data-elementor-id=\"1312\" class=\"elementor elementor-1312\" data-elementor-post-type=\"page\">\n\t\t\t\t\t\t<section class=\"elementor-section elementor-top-section elementor-element elementor-element-3d17c18 elementor-section-height-min-height elementor-section-boxed elementor-section-height-default elementor-section-items-middle\" data-id=\"3d17c18\" data-element_type=\"section\" data-settings=\"{&quot;background_background&quot;:&quot;classic&quot;}\">\n\t\t\t\t\t\t<div class=\"elementor-container elementor-column-gap-no\">\n\t\t\t\t\t<div class=\"elementor-column elementor-col-100 elementor-top-column elementor-element elementor-element-2e42189\" data-id=\"2e42189\" data-element_type=\"column\">\n\t\t\t<div class=\"elementor-widget-wrap elementor-element-populated\">\n\t\t\t\t\t\t<section class=\"elementor-section elementor-inner-section elementor-element elementor-element-444684a elementor-section-full_width elementor-reverse-tablet elementor-reverse-mobile elementor-section-height-min-height elementor-section-height-default\" data-id=\"444684a\" data-element_type=\"section\" data-settings=\"{&quot;background_background&quot;:&quot;classic&quot;}\">\n\t\t\t\t\t\t\t<div class=\"elementor-background-overlay\"><\/div>\n\t\t\t\t\t\t\t<div class=\"elementor-container elementor-column-gap-default\">\n\t\t\t\t\t<div class=\"elementor-column elementor-col-100 elementor-inner-column elementor-element elementor-element-d4dd157\" data-id=\"d4dd157\" data-element_type=\"column\">\n\t\t\t<div class=\"elementor-widget-wrap elementor-element-populated\">\n\t\t\t\t\t\t<div class=\"elementor-element elementor-element-c895908 elementor-widget elementor-widget-heading\" data-id=\"c895908\" data-element_type=\"widget\" data-widget_type=\"heading.default\">\n\t\t\t\t<div class=\"elementor-widget-container\">\n\t\t\t\t\t<h2 class=\"elementor-heading-title elementor-size-default\"> <span class=\"accent-color\">Redirec\u021bioneaz\u0103 3,5%<\/span> din impozitul t\u0103u pe venit<\/h2>\t\t\t\t<\/div>\n\t\t\t\t<\/div>\n\t\t\t\t<div class=\"elementor-element elementor-element-31b6dd4 elementor-widget elementor-widget-text-editor\" data-id=\"31b6dd4\" data-element_type=\"widget\" data-widget_type=\"text-editor.default\">\n\t\t\t\t<div class=\"elementor-widget-container\">\n\t\t\t\t\t\t\t\t\t<p>P\u00c2N\u0102 PE 25 MAI 2024 po\u021bi decide ca 3,5% din impozitul pe venit pl\u0103tit de tine \u00een anul 2023 s\u0103 ajung\u0103 de la Stat la noi.<br \/><br \/>Po\u021bi face asta prin Formularul 230 sau prin Declara\u021bia Unic\u0103 (Formularul 212), opt\u00e2nd pentru redirec\u021bionarea pe 1 an sau 2\u00a0ani.<\/p>\t\t\t\t\t\t\t\t<\/div>\n\t\t\t\t<\/div>\n\t\t\t\t\t<\/div>\n\t\t<\/div>\n\t\t\t\t\t<\/div>\n\t\t<\/section>\n\t\t\t\t\t<\/div>\n\t\t<\/div>\n\t\t\t\t\t<\/div>\n\t\t<\/section>\n\t\t<div class=\"elementor-element elementor-element-f8958ce e-flex e-con-boxed e-con e-parent\" data-id=\"f8958ce\" data-element_type=\"container\">\n\t\t\t\t\t<div class=\"e-con-inner\">\n\t\t\t\t<div class=\"elementor-element elementor-element-f151924 elementor-widget elementor-widget-heading\" data-id=\"f151924\" data-element_type=\"widget\" data-widget_type=\"heading.default\">\n\t\t\t\t<div class=\"elementor-widget-container\">\n\t\t\t\t\t<h2 class=\"elementor-heading-title elementor-size-default\">Redirec\u021bionezi prin <span class=\"accent-color\">Formularul 230?<\/span><\/h2>\t\t\t\t<\/div>\n\t\t\t\t<\/div>\n\t\t\t\t<div class=\"elementor-element elementor-element-aadf266 elementor-widget elementor-widget-text-editor\" data-id=\"aadf266\" data-element_type=\"widget\" data-widget_type=\"text-editor.default\">\n\t\t\t\t<div class=\"elementor-widget-container\">\n\t\t\t\t\t\t\t\t\t<p>Ai venituri din <strong>salariu<\/strong>,\u00a0<strong>pensie<\/strong> sau activit\u0103\u021bi independente impozitate pe baz\u0103 de norm\u0103 de venit?<\/p>\t\t\t\t\t\t\t\t<\/div>\n\t\t\t\t<\/div>\n\t\t\t\t\t<\/div>\n\t\t\t\t<\/div>\n\t\t\t\t<section class=\"elementor-section elementor-top-section elementor-element elementor-element-f3c0d27 elementor-section-boxed elementor-section-height-default elementor-section-height-default\" data-id=\"f3c0d27\" data-element_type=\"section\" data-settings=\"{&quot;background_background&quot;:&quot;classic&quot;}\">\n\t\t\t\t\t\t<div class=\"elementor-container elementor-column-gap-no\">\n\t\t\t\t\t<div class=\"elementor-column elementor-col-50 elementor-top-column elementor-element elementor-element-43d7a1c\" data-id=\"43d7a1c\" data-element_type=\"column\">\n\t\t\t<div class=\"elementor-widget-wrap elementor-element-populated\">\n\t\t\t\t\t\t<div class=\"elementor-element elementor-element-3ff00a4 elementor-widget elementor-widget-text-editor\" data-id=\"3ff00a4\" data-element_type=\"widget\" data-widget_type=\"text-editor.default\">\n\t\t\t\t<div class=\"elementor-widget-container\">\n\t\t\t\t\t\t\t\t\t<h3>1 \u2014 \u00cel completezi direct pe telefon sau dup\u0103 ce \u00eel tip\u0103re\u0219ti.<\/h3><p style=\"font-weight: 400;\">E suficient s\u0103 treci datele tale personale \u0219i s\u0103 semnezi.<\/p><p style=\"font-weight: 400;\">Datele noastre pe care trebuie s\u0103 le completezi \u00een Formularul 230<\/p><p style=\"font-weight: 400;\">Asociatiei Sprijin pentru Comunitatea Ukraineana<\/p><p style=\"font-weight: 400;\">cod de indentificare fiscal\u0103: 46401280<\/p><p style=\"font-weight: 400;\">IBAN: RO09 RNCB 0748 1730 2614 0001 &#8211; BCR<\/p><p style=\"font-weight: 400;\">Procentul din impozit %: 3,5%<\/p>\t\t\t\t\t\t\t\t<\/div>\n\t\t\t\t<\/div>\n\t\t\t\t\t<\/div>\n\t\t<\/div>\n\t\t\t\t<div class=\"elementor-column elementor-col-50 elementor-top-column elementor-element elementor-element-0a306e8\" data-id=\"0a306e8\" data-element_type=\"column\">\n\t\t\t<div class=\"elementor-widget-wrap elementor-element-populated\">\n\t\t\t\t\t\t<div class=\"elementor-element elementor-element-d15aded elementor-widget elementor-widget-text-editor\" data-id=\"d15aded\" data-element_type=\"widget\" data-widget_type=\"text-editor.default\">\n\t\t\t\t<div class=\"elementor-widget-container\">\n\t\t\t\t\t\t\t\t\t<h3>2 \u2014\u00a0P\u00e2n\u0103 pe 25 mai 2024,\u00a0ne trimi\u021bi formularul prin e-mail, iar noi transmitem c\u0103tre ANAF op\u021biunea ta.<\/h3><p style=\"font-weight: 400;\">Trimite e-mail la:\u00a0<a href=\"mailto:helpukrainiansromania@gmail.com\">helpukrainiansromania@gmail.com<\/a><\/p><p style=\"font-weight: 400;\">Mai po\u021bi folosi una din urm\u0103toarele modalit\u0103\u021bi:<\/p><ol><li>share pe WhatsApp:\u00a0<a href=\"tel:+4077420984270\">0774984270<\/a><\/li><li>ni-l trimi\u021bi prin po\u0219t\u0103 sau curier la: Asociatiei Sprijin pentru Comunitatea Ukraineana, str. Mihai Bravu, nr. 8, 800222, Galati, tel <a href=\"tel:+4077420984270\">0774984270<\/a><\/li><li>\u00eel depui la Administra\u021bia Financiar\u0103 a localit\u0103\u021bii tale de domiciliu, fie la ghi\u0219eu, fie prin po\u0219t\u0103 \u2013\u00a0<a href=\"https:\/\/static.anaf.ro\/static\/10\/Anaf\/AsistentaContribuabili_r\/telefoane_judete\/Regiuni.htm\" data-saferedirecturl=\"https:\/\/www.google.com\/url?q=https:\/\/static.anaf.ro\/static\/10\/Anaf\/AsistentaContribuabili_r\/telefoane_judete\/Regiuni.htm&amp;source=gmail&amp;ust=1706024462407000&amp;usg=AOvVaw1dMa4VufqeFfdF100k2cCs\">adresa aici\u00a0&gt;<\/a><\/li><li>\u00eel depui online la ANAF prin\u00a0<a href=\"https:\/\/pfinternet.anaf.ro\/my.policy\/\" data-saferedirecturl=\"https:\/\/www.google.com\/url?q=https:\/\/pfinternet.anaf.ro\/my.policy\/&amp;source=gmail&amp;ust=1706024462408000&amp;usg=AOvVaw2asu70-a7PT0YC5g693etD\">SPV (Spa\u021biul Privat Virtual)<\/a>, dac\u0103 e\u0219ti \u00eenregistrat ca utilizator sau \u00een portalul\u00a0<a href=\"https:\/\/e-guvernare.ro\/\" data-saferedirecturl=\"https:\/\/www.google.com\/url?q=https:\/\/e-guvernare.ro\/&amp;source=gmail&amp;ust=1706024462408000&amp;usg=AOvVaw1nRLZGzyC-aJcORARFGz-U\">e-guvernare.ro<\/a>\u00a0dac\u0103 ai certificat digital\u00a0calificat.<\/li><\/ol><p style=\"font-weight: 400;\">\u00ce\u021bi mul\u021bumim din inim\u0103!<\/p>\t\t\t\t\t\t\t\t<\/div>\n\t\t\t\t<\/div>\n\t\t\t\t\t<\/div>\n\t\t<\/div>\n\t\t\t\t\t<\/div>\n\t\t<\/section>\n\t\t\t\t<section class=\"elementor-section elementor-top-section elementor-element elementor-element-41112b9 elementor-reverse-mobile elementor-section-boxed elementor-section-height-default elementor-section-height-default\" data-id=\"41112b9\" data-element_type=\"section\" data-settings=\"{&quot;background_background&quot;:&quot;classic&quot;}\">\n\t\t\t\t\t\t<div class=\"elementor-container elementor-column-gap-no\">\n\t\t\t\t\t<div class=\"elementor-column elementor-col-100 elementor-top-column elementor-element elementor-element-da7b66e\" data-id=\"da7b66e\" data-element_type=\"column\">\n\t\t\t<div class=\"elementor-widget-wrap elementor-element-populated\">\n\t\t\t\t\t\t<div class=\"elementor-element elementor-element-269c89a elementor-widget elementor-widget-heading\" data-id=\"269c89a\" data-element_type=\"widget\" data-widget_type=\"heading.default\">\n\t\t\t\t<div class=\"elementor-widget-container\">\n\t\t\t\t\t<h2 class=\"elementor-heading-title elementor-size-default\">Redirec\u021bionezi prin <span class=\"accent-color\">Declara\u021bia Unic\u0103 (Formularul 212)?<\/span><\/h2>\t\t\t\t<\/div>\n\t\t\t\t<\/div>\n\t\t\t\t<div class=\"elementor-element elementor-element-361efa6 elementor-widget elementor-widget-text-editor\" data-id=\"361efa6\" data-element_type=\"widget\" data-widget_type=\"text-editor.default\">\n\t\t\t\t<div class=\"elementor-widget-container\">\n\t\t\t\t\t\t\t\t\t<p style=\"font-weight: 400;\">(obligatorie dac\u0103 ai venituri din activit\u0103\u021bi independente \u0219i drepturi de proprietate intelectual\u0103 pentru care venitul net se determin\u0103 \u00een sistem real sau c\u00e2\u0219tiguri din investi\u021bii ori din str\u0103in\u0103tate)<\/p><p style=\"font-weight: 400;\">Po\u021bi depune declara\u021bia fizic la ANAF sau online\u00a0\u00a0prin\u00a0\u00a0<a href=\"https:\/\/pfinternet.anaf.ro\/my.policy\/\" data-saferedirecturl=\"https:\/\/www.google.com\/url?q=https:\/\/pfinternet.anaf.ro\/my.policy\/&amp;source=gmail&amp;ust=1706024462408000&amp;usg=AOvVaw2asu70-a7PT0YC5g693etD\">SPV (Spa\u021biul Privat Virtual)<\/a><\/p><p style=\"font-weight: 400;\">Datele noastre pe care trebuie s\u0103 le completezi \u00een Declara\u021bia Unic\u0103 sunt:<\/p><p style=\"font-weight: 400;\">Asociatiei Sprijin pentru Comunitatea Ukraineana<\/p><p style=\"font-weight: 400;\">cod de indentificare fiscal\u0103: 46401280<\/p><p style=\"font-weight: 400;\">IBAN: RO09 RNCB 0748 1730 2614 0001 &#8211; BCR<\/p><p style=\"font-weight: 400;\">Procentul din impozit %: 3,5%<\/p><p style=\"font-weight: 400;\">\u00ce\u021bi mul\u021bumim din inim\u0103!<\/p>\t\t\t\t\t\t\t\t<\/div>\n\t\t\t\t<\/div>\n\t\t\t\t\t<\/div>\n\t\t<\/div>\n\t\t\t\t\t<\/div>\n\t\t<\/section>\n\t\t\t\t<\/div>","protected":false},"excerpt":{"rendered":"<p>Redirec\u021bioneaz\u0103 3,5% din impozitul t\u0103u pe venit P\u00c2N\u0102 PE 25 MAI 2024 po\u021bi decide ca 3,5% din impozitul pe venit pl\u0103tit de tine \u00een anul 2023 s\u0103 ajung\u0103 de la Stat la noi. Po\u021bi face asta prin Formularul 230 sau prin Declara\u021bia Unic\u0103 (Formularul 212), opt\u00e2nd pentru redirec\u021bionarea pe 1 an sau 2\u00a0ani. Redirec\u021bionezi prin [&hellip;]<\/p>","protected":false},"author":1,"featured_media":1313,"parent":0,"menu_order":0,"comment_status":"closed","ping_status":"closed","template":"elementor_header_footer","meta":{"footnotes":""},"class_list":["post-1312","page","type-page","status-publish","has-post-thumbnail","hentry"],"yoast_head":"<!-- This site is optimized with the Yoast SEO Premium plugin v24.9 (Yoast SEO v25.6) - https:\/\/yoast.com\/wordpress\/plugins\/seo\/ -->\n<title>REDIREC\u021aIONEAZ\u0102 3,5% DIN IMPOZITUL T\u0102U PE VENIT &#187; HelpUkrainians Association<\/title>\n<meta name=\"description\" content=\"\u00c2N\u0102 PE 25 MAI 2024 po\u021bi decide ca 3,5% din impozitul pe venit pl\u0103tit de tine \u00een anul 2023 s\u0103 ajung\u0103 de la Stat la noi.\" \/>\n<meta name=\"robots\" content=\"index, follow, max-snippet:-1, max-image-preview:large, max-video-preview:-1\" \/>\n<link rel=\"canonical\" href=\"https:\/\/helpukrainians.ro\/uk\/redirectioneaza-35-din-impozitul-tau-pe-venit\/\" \/>\n<meta property=\"og:locale\" content=\"uk_UA\" \/>\n<meta property=\"og:type\" content=\"article\" \/>\n<meta property=\"og:title\" content=\"REDIREC\u021aIONEAZ\u0102 3,5% DIN IMPOZITUL T\u0102U PE VENIT\" \/>\n<meta property=\"og:description\" content=\"\u00c2N\u0102 PE 25 MAI 2024 po\u021bi decide ca 3,5% din impozitul pe venit pl\u0103tit de tine \u00een anul 2023 s\u0103 ajung\u0103 de la Stat la noi.\" \/>\n<meta property=\"og:url\" content=\"https:\/\/helpukrainians.ro\/uk\/redirectioneaza-35-din-impozitul-tau-pe-venit\/\" \/>\n<meta property=\"og:site_name\" content=\"HelpUkrainians Association\" \/>\n<meta property=\"article:modified_time\" content=\"2024-01-23T12:31:43+00:00\" \/>\n<meta property=\"og:image\" content=\"https:\/\/helpukrainians.ro\/wp-content\/uploads\/2024\/01\/REDIRECTIONEAZA-35-DIN-IMPOZITUL-TAU-PE-VENIT-jpg.webp\" \/>\n\t<meta property=\"og:image:width\" content=\"1200\" \/>\n\t<meta property=\"og:image:height\" content=\"1600\" \/>\n\t<meta property=\"og:image:type\" content=\"image\/jpeg\" \/>\n<meta name=\"twitter:card\" content=\"summary_large_image\" \/>\n<meta name=\"twitter:label1\" content=\"\u041f\u0440\u0438\u0431\u043b. \u0447\u0430\u0441 \u0447\u0438\u0442\u0430\u043d\u043d\u044f\" \/>\n\t<meta name=\"twitter:data1\" content=\"2 \u0445\u0432\u0438\u043b\u0438\u043d\u0438\" \/>\n<script type=\"application\/ld+json\" class=\"yoast-schema-graph\">{\"@context\":\"https:\/\/schema.org\",\"@graph\":[{\"@type\":\"WebPage\",\"@id\":\"https:\/\/helpukrainians.ro\/redirectioneaza-35-din-impozitul-tau-pe-venit\/\",\"url\":\"https:\/\/helpukrainians.ro\/redirectioneaza-35-din-impozitul-tau-pe-venit\/\",\"name\":\"REDIREC\u021aIONEAZ\u0102 3,5% DIN IMPOZITUL T\u0102U PE VENIT &#187; HelpUkrainians Association\",\"isPartOf\":{\"@id\":\"https:\/\/helpukrainians.ro\/#website\"},\"primaryImageOfPage\":{\"@id\":\"https:\/\/helpukrainians.ro\/redirectioneaza-35-din-impozitul-tau-pe-venit\/#primaryimage\"},\"image\":{\"@id\":\"https:\/\/helpukrainians.ro\/redirectioneaza-35-din-impozitul-tau-pe-venit\/#primaryimage\"},\"thumbnailUrl\":\"https:\/\/helpukrainians.ro\/wp-content\/uploads\/2024\/01\/REDIRECTIONEAZA-35-DIN-IMPOZITUL-TAU-PE-VENIT-jpg.avif\",\"datePublished\":\"2024-01-22T16:08:04+00:00\",\"dateModified\":\"2024-01-23T12:31:43+00:00\",\"description\":\"\u00c2N\u0102 PE 25 MAI 2024 po\u021bi decide ca 3,5% din impozitul pe venit pl\u0103tit de tine \u00een anul 2023 s\u0103 ajung\u0103 de la Stat la noi.\",\"breadcrumb\":{\"@id\":\"https:\/\/helpukrainians.ro\/redirectioneaza-35-din-impozitul-tau-pe-venit\/#breadcrumb\"},\"inLanguage\":\"uk\",\"potentialAction\":[{\"@type\":\"ReadAction\",\"target\":[\"https:\/\/helpukrainians.ro\/redirectioneaza-35-din-impozitul-tau-pe-venit\/\"]}]},{\"@type\":\"ImageObject\",\"inLanguage\":\"uk\",\"@id\":\"https:\/\/helpukrainians.ro\/redirectioneaza-35-din-impozitul-tau-pe-venit\/#primaryimage\",\"url\":\"https:\/\/helpukrainians.ro\/wp-content\/uploads\/2024\/01\/REDIRECTIONEAZA-35-DIN-IMPOZITUL-TAU-PE-VENIT-jpg.avif\",\"contentUrl\":\"https:\/\/helpukrainians.ro\/wp-content\/uploads\/2024\/01\/REDIRECTIONEAZA-35-DIN-IMPOZITUL-TAU-PE-VENIT-jpg.avif\",\"width\":1200,\"height\":1600,\"caption\":\"REDIREC\u021aIONEAZ\u0102 3,5% DIN IMPOZITUL T\u0102U PE VENIT\"},{\"@type\":\"BreadcrumbList\",\"@id\":\"https:\/\/helpukrainians.ro\/redirectioneaza-35-din-impozitul-tau-pe-venit\/#breadcrumb\",\"itemListElement\":[{\"@type\":\"ListItem\",\"position\":1,\"name\":\"Home\",\"item\":\"https:\/\/helpukrainians.ro\/\"},{\"@type\":\"ListItem\",\"position\":2,\"name\":\"REDIREC\u021aIONEAZ\u0102 3,5% DIN IMPOZITUL T\u0102U PE VENIT\"}]},{\"@type\":\"WebSite\",\"@id\":\"https:\/\/helpukrainians.ro\/#website\",\"url\":\"https:\/\/helpukrainians.ro\/\",\"name\":\"HelpUkrainians Association\",\"description\":\"Based in Galati, Romania\",\"publisher\":{\"@id\":\"https:\/\/helpukrainians.ro\/#organization\"},\"potentialAction\":[{\"@type\":\"SearchAction\",\"target\":{\"@type\":\"EntryPoint\",\"urlTemplate\":\"https:\/\/helpukrainians.ro\/?s={search_term_string}\"},\"query-input\":{\"@type\":\"PropertyValueSpecification\",\"valueRequired\":true,\"valueName\":\"search_term_string\"}}],\"inLanguage\":\"uk\"},{\"@type\":[\"Organization\",\"Place\"],\"@id\":\"https:\/\/helpukrainians.ro\/#organization\",\"name\":\"HelpUkrainians Association\",\"url\":\"https:\/\/helpukrainians.ro\/\",\"logo\":{\"@id\":\"https:\/\/helpukrainians.ro\/redirectioneaza-35-din-impozitul-tau-pe-venit\/#local-main-organization-logo\"},\"image\":{\"@id\":\"https:\/\/helpukrainians.ro\/redirectioneaza-35-din-impozitul-tau-pe-venit\/#local-main-organization-logo\"},\"address\":{\"@id\":\"https:\/\/helpukrainians.ro\/redirectioneaza-35-din-impozitul-tau-pe-venit\/#local-main-place-address\"},\"telephone\":[\"0040724654927\"],\"openingHoursSpecification\":[{\"@type\":\"OpeningHoursSpecification\",\"dayOfWeek\":[\"Monday\",\"Tuesday\",\"Wednesday\",\"Thursday\",\"Friday\",\"Saturday\",\"Sunday\"],\"opens\":\"09:00\",\"closes\":\"17:00\"}],\"areaServed\":\"Gala\u021bi\",\"taxID\":\"46401280\"},{\"@type\":\"PostalAddress\",\"@id\":\"https:\/\/helpukrainians.ro\/redirectioneaza-35-din-impozitul-tau-pe-venit\/#local-main-place-address\",\"streetAddress\":\"str. Mihai Bravu nr. 8, Lot 1\",\"addressLocality\":\"Gala\u021bi\",\"postalCode\":\"800222\",\"addressRegion\":\"Gala\u021bi\",\"addressCountry\":\"RO\"},{\"@type\":\"ImageObject\",\"inLanguage\":\"uk\",\"@id\":\"https:\/\/helpukrainians.ro\/redirectioneaza-35-din-impozitul-tau-pe-venit\/#local-main-organization-logo\",\"url\":\"https:\/\/helpukrainians.ro\/wp-content\/uploads\/2022\/07\/UA_logo_FINAL-1-1.svg\",\"contentUrl\":\"https:\/\/helpukrainians.ro\/wp-content\/uploads\/2022\/07\/UA_logo_FINAL-1-1.svg\",\"width\":183,\"height\":75,\"caption\":\"HelpUkrainians Association\"}]}<\/script>\n<meta name=\"geo.placename\" content=\"Gala\u021bi\" \/>\n<meta name=\"geo.region\" content=\"\u0420\u0443\u043c\u0443\u043d\u0456\u044f\" \/>\n<!-- \/ Yoast SEO Premium plugin. -->","yoast_head_json":{"title":"REDIREC\u021aIONEAZ\u0102 3,5% DIN IMPOZITUL T\u0102U PE VENIT &#187; HelpUkrainians Association","description":"\u00c2N\u0102 PE 25 MAI 2024 po\u021bi decide ca 3,5% din impozitul pe venit pl\u0103tit de tine \u00een anul 2023 s\u0103 ajung\u0103 de la Stat la noi.","robots":{"index":"index","follow":"follow","max-snippet":"max-snippet:-1","max-image-preview":"max-image-preview:large","max-video-preview":"max-video-preview:-1"},"canonical":"https:\/\/helpukrainians.ro\/uk\/redirectioneaza-35-din-impozitul-tau-pe-venit\/","og_locale":"uk_UA","og_type":"article","og_title":"REDIREC\u021aIONEAZ\u0102 3,5% DIN IMPOZITUL T\u0102U PE VENIT","og_description":"\u00c2N\u0102 PE 25 MAI 2024 po\u021bi decide ca 3,5% din impozitul pe venit pl\u0103tit de tine \u00een anul 2023 s\u0103 ajung\u0103 de la Stat la noi.","og_url":"https:\/\/helpukrainians.ro\/uk\/redirectioneaza-35-din-impozitul-tau-pe-venit\/","og_site_name":"HelpUkrainians Association","article_modified_time":"2024-01-23T12:31:43+00:00","og_image":[{"width":1200,"height":1600,"url":"https:\/\/helpukrainians.ro\/wp-content\/uploads\/2024\/01\/REDIRECTIONEAZA-35-DIN-IMPOZITUL-TAU-PE-VENIT-jpg.webp","type":"image\/jpeg"}],"twitter_card":"summary_large_image","twitter_misc":{"\u041f\u0440\u0438\u0431\u043b. \u0447\u0430\u0441 \u0447\u0438\u0442\u0430\u043d\u043d\u044f":"2 \u0445\u0432\u0438\u043b\u0438\u043d\u0438"},"schema":{"@context":"https:\/\/schema.org","@graph":[{"@type":"WebPage","@id":"https:\/\/helpukrainians.ro\/redirectioneaza-35-din-impozitul-tau-pe-venit\/","url":"https:\/\/helpukrainians.ro\/redirectioneaza-35-din-impozitul-tau-pe-venit\/","name":"REDIREC\u021aIONEAZ\u0102 3,5% DIN IMPOZITUL T\u0102U PE VENIT &#187; HelpUkrainians Association","isPartOf":{"@id":"https:\/\/helpukrainians.ro\/#website"},"primaryImageOfPage":{"@id":"https:\/\/helpukrainians.ro\/redirectioneaza-35-din-impozitul-tau-pe-venit\/#primaryimage"},"image":{"@id":"https:\/\/helpukrainians.ro\/redirectioneaza-35-din-impozitul-tau-pe-venit\/#primaryimage"},"thumbnailUrl":"https:\/\/helpukrainians.ro\/wp-content\/uploads\/2024\/01\/REDIRECTIONEAZA-35-DIN-IMPOZITUL-TAU-PE-VENIT-jpg.avif","datePublished":"2024-01-22T16:08:04+00:00","dateModified":"2024-01-23T12:31:43+00:00","description":"\u00c2N\u0102 PE 25 MAI 2024 po\u021bi decide ca 3,5% din impozitul pe venit pl\u0103tit de tine \u00een anul 2023 s\u0103 ajung\u0103 de la Stat la noi.","breadcrumb":{"@id":"https:\/\/helpukrainians.ro\/redirectioneaza-35-din-impozitul-tau-pe-venit\/#breadcrumb"},"inLanguage":"uk","potentialAction":[{"@type":"ReadAction","target":["https:\/\/helpukrainians.ro\/redirectioneaza-35-din-impozitul-tau-pe-venit\/"]}]},{"@type":"ImageObject","inLanguage":"uk","@id":"https:\/\/helpukrainians.ro\/redirectioneaza-35-din-impozitul-tau-pe-venit\/#primaryimage","url":"https:\/\/helpukrainians.ro\/wp-content\/uploads\/2024\/01\/REDIRECTIONEAZA-35-DIN-IMPOZITUL-TAU-PE-VENIT-jpg.avif","contentUrl":"https:\/\/helpukrainians.ro\/wp-content\/uploads\/2024\/01\/REDIRECTIONEAZA-35-DIN-IMPOZITUL-TAU-PE-VENIT-jpg.avif","width":1200,"height":1600,"caption":"REDIREC\u021aIONEAZ\u0102 3,5% DIN IMPOZITUL T\u0102U PE VENIT"},{"@type":"BreadcrumbList","@id":"https:\/\/helpukrainians.ro\/redirectioneaza-35-din-impozitul-tau-pe-venit\/#breadcrumb","itemListElement":[{"@type":"ListItem","position":1,"name":"Home","item":"https:\/\/helpukrainians.ro\/"},{"@type":"ListItem","position":2,"name":"REDIREC\u021aIONEAZ\u0102 3,5% DIN IMPOZITUL T\u0102U PE VENIT"}]},{"@type":"WebSite","@id":"https:\/\/helpukrainians.ro\/#website","url":"https:\/\/helpukrainians.ro\/","name":"HelpUkrainians Association","description":"Based in Galati, Romania","publisher":{"@id":"https:\/\/helpukrainians.ro\/#organization"},"potentialAction":[{"@type":"SearchAction","target":{"@type":"EntryPoint","urlTemplate":"https:\/\/helpukrainians.ro\/?s={search_term_string}"},"query-input":{"@type":"PropertyValueSpecification","valueRequired":true,"valueName":"search_term_string"}}],"inLanguage":"uk"},{"@type":["Organization","Place"],"@id":"https:\/\/helpukrainians.ro\/#organization","name":"HelpUkrainians Association","url":"https:\/\/helpukrainians.ro\/","logo":{"@id":"https:\/\/helpukrainians.ro\/redirectioneaza-35-din-impozitul-tau-pe-venit\/#local-main-organization-logo"},"image":{"@id":"https:\/\/helpukrainians.ro\/redirectioneaza-35-din-impozitul-tau-pe-venit\/#local-main-organization-logo"},"address":{"@id":"https:\/\/helpukrainians.ro\/redirectioneaza-35-din-impozitul-tau-pe-venit\/#local-main-place-address"},"telephone":["0040724654927"],"openingHoursSpecification":[{"@type":"OpeningHoursSpecification","dayOfWeek":["Monday","Tuesday","Wednesday","Thursday","Friday","Saturday","Sunday"],"opens":"09:00","closes":"17:00"}],"areaServed":"Gala\u021bi","taxID":"46401280"},{"@type":"PostalAddress","@id":"https:\/\/helpukrainians.ro\/redirectioneaza-35-din-impozitul-tau-pe-venit\/#local-main-place-address","streetAddress":"str. Mihai Bravu nr. 8, Lot 1","addressLocality":"Gala\u021bi","postalCode":"800222","addressRegion":"Gala\u021bi","addressCountry":"RO"},{"@type":"ImageObject","inLanguage":"uk","@id":"https:\/\/helpukrainians.ro\/redirectioneaza-35-din-impozitul-tau-pe-venit\/#local-main-organization-logo","url":"https:\/\/helpukrainians.ro\/wp-content\/uploads\/2022\/07\/UA_logo_FINAL-1-1.svg","contentUrl":"https:\/\/helpukrainians.ro\/wp-content\/uploads\/2022\/07\/UA_logo_FINAL-1-1.svg","width":183,"height":75,"caption":"HelpUkrainians Association"}]},"geo.placename":"Gala\u021bi","geo.region":"\u0420\u0443\u043c\u0443\u043d\u0456\u044f"},"_links":{"self":[{"href":"https:\/\/helpukrainians.ro\/uk\/wp-json\/wp\/v2\/pages\/1312","targetHints":{"allow":["GET"]}}],"collection":[{"href":"https:\/\/helpukrainians.ro\/uk\/wp-json\/wp\/v2\/pages"}],"about":[{"href":"https:\/\/helpukrainians.ro\/uk\/wp-json\/wp\/v2\/types\/page"}],"author":[{"embeddable":true,"href":"https:\/\/helpukrainians.ro\/uk\/wp-json\/wp\/v2\/users\/1"}],"replies":[{"embeddable":true,"href":"https:\/\/helpukrainians.ro\/uk\/wp-json\/wp\/v2\/comments?post=1312"}],"version-history":[{"count":0,"href":"https:\/\/helpukrainians.ro\/uk\/wp-json\/wp\/v2\/pages\/1312\/revisions"}],"wp:featuredmedia":[{"embeddable":true,"href":"https:\/\/helpukrainians.ro\/uk\/wp-json\/wp\/v2\/media\/1313"}],"wp:attachment":[{"href":"https:\/\/helpukrainians.ro\/uk\/wp-json\/wp\/v2\/media?parent=1312"}],"curies":[{"name":"wp","href":"https:\/\/api.w.org\/{rel}","templated":true}]}}