{"id":744,"date":"2022-08-03T15:28:42","date_gmt":"2022-08-03T15:28:42","guid":{"rendered":"https:\/\/helpukrainians.ro\/?page_id=744"},"modified":"2022-09-22T08:58:22","modified_gmt":"2022-09-22T08:58:22","slug":"partners","status":"publish","type":"page","link":"https:\/\/helpukrainians.ro\/ro\/partners\/","title":{"rendered":"Parteneri"},"content":{"rendered":"<div data-elementor-type=\"wp-page\" data-elementor-id=\"744\" class=\"elementor elementor-744\" data-elementor-post-type=\"page\">\n\t\t\t\t\t\t<section class=\"elementor-section elementor-top-section elementor-element elementor-element-296fccd elementor-reverse-mobile elementor-section-height-min-height elementor-section-items-top elementor-section-boxed elementor-section-height-default\" data-id=\"296fccd\" data-element_type=\"section\" data-settings=\"{&quot;background_background&quot;:&quot;gradient&quot;}\">\n\t\t\t\t\t\t<div class=\"elementor-container elementor-column-gap-no\">\n\t\t\t\t\t<div class=\"elementor-column elementor-col-100 elementor-top-column elementor-element elementor-element-498f4d5\" data-id=\"498f4d5\" data-element_type=\"column\">\n\t\t\t<div class=\"elementor-widget-wrap elementor-element-populated\">\n\t\t\t\t\t\t<div class=\"elementor-element elementor-element-46d0fb2 elementor-widget elementor-widget-heading\" data-id=\"46d0fb2\" data-element_type=\"widget\" data-widget_type=\"heading.default\">\n\t\t\t\t<div class=\"elementor-widget-container\">\n\t\t\t\t\t<h2 class=\"elementor-heading-title elementor-size-default translation-block\"><span class=\"accent-color\">Partenerii<\/span> No\u0219tri<\/h2>\t\t\t\t<\/div>\n\t\t\t\t<\/div>\n\t\t\t\t<section class=\"elementor-section elementor-inner-section elementor-element elementor-element-15dd59e elementor-section-boxed elementor-section-height-default elementor-section-height-default\" data-id=\"15dd59e\" data-element_type=\"section\">\n\t\t\t\t\t\t<div class=\"elementor-container elementor-column-gap-default\">\n\t\t\t\t\t<div class=\"elementor-column elementor-col-50 elementor-inner-column elementor-element elementor-element-42cca27\" data-id=\"42cca27\" data-element_type=\"column\" data-settings=\"{&quot;background_background&quot;:&quot;classic&quot;}\">\n\t\t\t<div class=\"elementor-widget-wrap elementor-element-populated\">\n\t\t\t\t\t\t<div class=\"elementor-element elementor-element-23daafd elementor-widget elementor-widget-image\" data-id=\"23daafd\" data-element_type=\"widget\" data-settings=\"{&quot;_animation&quot;:&quot;none&quot;}\" data-widget_type=\"image.default\">\n\t\t\t\t<div class=\"elementor-widget-container\">\n\t\t\t\t\t\t\t\t\t\t\t\t\t\t\t<img decoding=\"async\" width=\"224\" height=\"86\" src=\"https:\/\/helpukrainians.ro\/wp-content\/uploads\/2022\/09\/WORKFORCE-ROMANIA.avif\" class=\"attachment-full size-full wp-image-936 has-transparency\" alt=\"\" data-has-transparency=\"true\" data-dominant-color=\"2646ae\" style=\"--dominant-color: #2646ae\" \/>\t\t\t\t\t\t\t\t\t\t\t\t\t\t\t<\/div>\n\t\t\t\t<\/div>\n\t\t\t\t<div class=\"elementor-element elementor-element-1e3449a elementor-widget elementor-widget-text-editor\" data-id=\"1e3449a\" data-element_type=\"widget\" data-widget_type=\"text-editor.default\">\n\t\t\t\t<div class=\"elementor-widget-container\">\n\t\t\t\t\t\t\t\t\tDAMEN Gala\u021bi: Sub motto-ul \"One Damen - One Family\", una dintre cele mai mari companii de construc\u021bii navale din lume, nu a r\u0103mas indiferent\u0103 \u0219i a contribuit la siguran\u021ba membrilor s\u0103i de familie, care include \u0219i colegii ucraineni. Practic, Damen Shipyards Gala\u021bi a fost una dintre primele entit\u0103\u021bi care a contribuit la Centrul Comunitar Gala\u021bi \u0219i la fondarea asocia\u021biei HelpUkrainians.\t\t\t\t\t\t\t\t<\/div>\n\t\t\t\t<\/div>\n\t\t\t\t\t<\/div>\n\t\t<\/div>\n\t\t\t\t<div class=\"elementor-column elementor-col-50 elementor-inner-column elementor-element elementor-element-e2cc0b6\" data-id=\"e2cc0b6\" data-element_type=\"column\" data-settings=\"{&quot;background_background&quot;:&quot;classic&quot;}\">\n\t\t\t<div class=\"elementor-widget-wrap elementor-element-populated\">\n\t\t\t\t\t\t<div class=\"elementor-element elementor-element-3533d38 elementor-widget elementor-widget-image\" data-id=\"3533d38\" data-element_type=\"widget\" data-widget_type=\"image.default\">\n\t\t\t\t<div class=\"elementor-widget-container\">\n\t\t\t\t\t\t\t\t\t\t\t\t\t\t\t<img fetchpriority=\"high\" decoding=\"async\" width=\"2560\" height=\"974\" src=\"https:\/\/helpukrainians.ro\/wp-content\/uploads\/2022\/09\/Logo-Core-BlackBlueberryBlack-scaled.avif\" class=\"attachment-full size-full wp-image-929 has-transparency\" alt=\"\" srcset=\"https:\/\/helpukrainians.ro\/wp-content\/uploads\/2022\/09\/Logo-Core-BlackBlueberryBlack-scaled.avif 2560w, https:\/\/helpukrainians.ro\/wp-content\/uploads\/2022\/09\/Logo-Core-BlackBlueberryBlack-600x228.avif 600w, https:\/\/helpukrainians.ro\/wp-content\/uploads\/2022\/09\/Logo-Core-BlackBlueberryBlack-300x114.png 300w, https:\/\/helpukrainians.ro\/wp-content\/uploads\/2022\/09\/Logo-Core-BlackBlueberryBlack-1024x390.png 1024w, https:\/\/helpukrainians.ro\/wp-content\/uploads\/2022\/09\/Logo-Core-BlackBlueberryBlack-768x292.png 768w, https:\/\/helpukrainians.ro\/wp-content\/uploads\/2022\/09\/Logo-Core-BlackBlueberryBlack-1536x585.png 1536w, https:\/\/helpukrainians.ro\/wp-content\/uploads\/2022\/09\/Logo-Core-BlackBlueberryBlack-2048x779.png 2048w\" sizes=\"(max-width: 2560px) 100vw, 2560px\" data-has-transparency=\"true\" data-dominant-color=\"262626\" style=\"--dominant-color: #262626\" \/>\t\t\t\t\t\t\t\t\t\t\t\t\t\t\t<\/div>\n\t\t\t\t<\/div>\n\t\t\t\t<div class=\"elementor-element elementor-element-056edbc elementor-widget elementor-widget-text-editor\" data-id=\"056edbc\" data-element_type=\"widget\" data-widget_type=\"text-editor.default\">\n\t\t\t\t<div class=\"elementor-widget-container\">\n\t\t\t\t\t\t\t\t\t<p>C\u00e2nd izbucne\u0219te o criz\u0103, CORE r\u0103spunde imediat pentru a umple golurile, mobilizeaz\u0103 resurse \u0219i stabile\u0219te \u00eencredere \u0219i colaborare \u00een comunit\u0103\u021bi pentru a le \u00eemputernici s\u0103 rup\u0103 ciclurile perene de vulnerabilitate. CORE se concentreaz\u0103 pe echitate, aduc\u00e2nd ajutor direct celor care au cea mai mare nevoie de el. \u0218i ei au spus \"DA\" \u0219i ucrainenilor, prin intermediul asocia\u021biei noastre.<\/p>\t\t\t\t\t\t\t\t<\/div>\n\t\t\t\t<\/div>\n\t\t\t\t\t<\/div>\n\t\t<\/div>\n\t\t\t\t\t<\/div>\n\t\t<\/section>\n\t\t\t\t<section class=\"elementor-section elementor-inner-section elementor-element elementor-element-9ff75e7 elementor-section-boxed elementor-section-height-default elementor-section-height-default\" data-id=\"9ff75e7\" data-element_type=\"section\">\n\t\t\t\t\t\t<div class=\"elementor-container elementor-column-gap-default\">\n\t\t\t\t\t<div class=\"elementor-column elementor-col-50 elementor-inner-column elementor-element elementor-element-232018d\" data-id=\"232018d\" data-element_type=\"column\" data-settings=\"{&quot;background_background&quot;:&quot;classic&quot;}\">\n\t\t\t<div class=\"elementor-widget-wrap elementor-element-populated\">\n\t\t\t\t\t\t<div class=\"elementor-element elementor-element-61977f9 elementor-widget elementor-widget-image\" data-id=\"61977f9\" data-element_type=\"widget\" data-widget_type=\"image.default\">\n\t\t\t\t<div class=\"elementor-widget-container\">\n\t\t\t\t\t\t\t\t\t\t\t\t\t\t\t<img decoding=\"async\" width=\"510\" height=\"209\" src=\"https:\/\/helpukrainians.ro\/wp-content\/uploads\/2022\/09\/FCG_new-LOGO_emblema-oriz.avif\" class=\"attachment-full size-full wp-image-927 has-transparency\" alt=\"\" srcset=\"https:\/\/helpukrainians.ro\/wp-content\/uploads\/2022\/09\/FCG_new-LOGO_emblema-oriz.avif 510w, https:\/\/helpukrainians.ro\/wp-content\/uploads\/2022\/09\/FCG_new-LOGO_emblema-oriz-300x123.png 300w\" sizes=\"(max-width: 510px) 100vw, 510px\" data-has-transparency=\"true\" data-dominant-color=\"adb6c1\" style=\"--dominant-color: #adb6c1\" \/>\t\t\t\t\t\t\t\t\t\t\t\t\t\t\t<\/div>\n\t\t\t\t<\/div>\n\t\t\t\t<div class=\"elementor-element elementor-element-d43afc0 elementor-widget elementor-widget-text-editor\" data-id=\"d43afc0\" data-element_type=\"widget\" data-widget_type=\"text-editor.default\">\n\t\t\t\t<div class=\"elementor-widget-container\">\n\t\t\t\t\t\t\t\t\t<p>Funda\u021bia Comunitar\u0103 Gala\u021bi este o organiza\u021bie non-guvernamental\u0103 \u0219i non-profit care \u00eencurajeaz\u0103 ini\u021biatorii comunitari s\u0103 \u00ee\u0219i asume responsabilitatea comun\u0103 de a transforma Gala\u021bi \u00eentr-un ora\u0219 din care nu ai vrea s\u0103 pleci niciodat\u0103. De aceast\u0103 dat\u0103, Funda\u021bia Comunitar\u0103 Gala\u021bi a contribuit \u0219i a mobilizat resurse din Gala\u021bi pentru a ajuta la dezvoltarea asocia\u021biei HelpUkrainians.<\/p>\t\t\t\t\t\t\t\t<\/div>\n\t\t\t\t<\/div>\n\t\t\t\t\t<\/div>\n\t\t<\/div>\n\t\t\t\t<div class=\"elementor-column elementor-col-50 elementor-inner-column elementor-element elementor-element-23a4ad2\" data-id=\"23a4ad2\" data-element_type=\"column\" data-settings=\"{&quot;background_background&quot;:&quot;classic&quot;}\">\n\t\t\t<div class=\"elementor-widget-wrap elementor-element-populated\">\n\t\t\t\t\t\t<div class=\"elementor-element elementor-element-d14606e elementor-widget elementor-widget-image\" data-id=\"d14606e\" data-element_type=\"widget\" data-widget_type=\"image.default\">\n\t\t\t\t<div class=\"elementor-widget-container\">\n\t\t\t\t\t\t\t\t\t\t\t\t\t\t\t<img loading=\"lazy\" decoding=\"async\" width=\"312\" height=\"97\" src=\"https:\/\/helpukrainians.ro\/wp-content\/uploads\/2022\/09\/logo.svg\" class=\"attachment-full size-full wp-image-930 has-transparency\" alt=\"\" data-has-transparency=\"true\" data-dominant-color=\"a7bcd5\" style=\"--dominant-color: #a7bcd5\" \/>\t\t\t\t\t\t\t\t\t\t\t\t\t\t\t<\/div>\n\t\t\t\t<\/div>\n\t\t\t\t<div class=\"elementor-element elementor-element-11739a4 elementor-widget elementor-widget-text-editor\" data-id=\"11739a4\" data-element_type=\"widget\" data-widget_type=\"text-editor.default\">\n\t\t\t\t<div class=\"elementor-widget-container\">\n\t\t\t\t\t\t\t\t\t<p>Inspirat de iubirea generoas\u0103 \u0219i exemplul lui Iisus Hristos, Serviciul Iezuit pentru Refugia\u021bi (JRS) este o organiza\u021bie catolic\u0103 interna\u021bional\u0103 cu misiunea de a \u00eenso\u021bi, servi \u0219i pleda \u00een numele refugia\u021bilor \u0219i altor persoane for\u021bate s\u0103 se deplaseze, astfel \u00eenc\u00e2t ace\u0219tia s\u0103 se poat\u0103 vindeca, \u00eenv\u0103\u021ba \u0219i \u00ee\u0219i pot determina propriul viitor. \u0218i nu au f\u0103cut excep\u021bie \u00een cazul ucrainenilor ajuta\u021bi de Asocia\u021bia HelpUkrainians.<\/p>\t\t\t\t\t\t\t\t<\/div>\n\t\t\t\t<\/div>\n\t\t\t\t\t<\/div>\n\t\t<\/div>\n\t\t\t\t\t<\/div>\n\t\t<\/section>\n\t\t\t\t<section class=\"elementor-section elementor-inner-section elementor-element elementor-element-95162f4 elementor-section-boxed elementor-section-height-default elementor-section-height-default\" data-id=\"95162f4\" data-element_type=\"section\">\n\t\t\t\t\t\t<div class=\"elementor-container elementor-column-gap-default\">\n\t\t\t\t\t<div class=\"elementor-column elementor-col-50 elementor-inner-column elementor-element elementor-element-6f83eb0\" data-id=\"6f83eb0\" data-element_type=\"column\" data-settings=\"{&quot;background_background&quot;:&quot;classic&quot;}\">\n\t\t\t<div class=\"elementor-widget-wrap elementor-element-populated\">\n\t\t\t\t\t\t<div class=\"elementor-element elementor-element-7b18710 elementor-widget elementor-widget-image\" data-id=\"7b18710\" data-element_type=\"widget\" data-widget_type=\"image.default\">\n\t\t\t\t<div class=\"elementor-widget-container\">\n\t\t\t\t\t\t\t\t\t\t\t\t\t\t\t<img loading=\"lazy\" decoding=\"async\" width=\"226\" height=\"86\" src=\"https:\/\/helpukrainians.ro\/wp-content\/uploads\/2022\/09\/stichingdamen-helpt.avif\" class=\"attachment-full size-full wp-image-937 has-transparency\" alt=\"\" data-has-transparency=\"true\" data-dominant-color=\"2646ae\" style=\"--dominant-color: #2646ae\" \/>\t\t\t\t\t\t\t\t\t\t\t\t\t\t\t<\/div>\n\t\t\t\t<\/div>\n\t\t\t\t<div class=\"elementor-element elementor-element-c2cce9a elementor-widget elementor-widget-text-editor\" data-id=\"c2cce9a\" data-element_type=\"widget\" data-widget_type=\"text-editor.default\">\n\t\t\t\t<div class=\"elementor-widget-container\">\n\t\t\t\t\t\t\t\t\t<p>Stichting Damen Helpt reprezint\u0103 funda\u021bia DAMEN SHIPYARDS \u0219i motivul pentru care ast\u0103zi funda\u021bia asocia\u021biei HelpUkrainians \u0219i-a deschis u\u0219ile pentru a oferi sprijin ucrainenilor caza\u021bi \u00een Gala\u021bi, Rom\u00e2nia.<\/p>\t\t\t\t\t\t\t\t<\/div>\n\t\t\t\t<\/div>\n\t\t\t\t\t<\/div>\n\t\t<\/div>\n\t\t\t\t<div class=\"elementor-column elementor-col-50 elementor-inner-column elementor-element elementor-element-199825c\" data-id=\"199825c\" data-element_type=\"column\">\n\t\t\t<div class=\"elementor-widget-wrap\">\n\t\t\t\t\t\t\t<\/div>\n\t\t<\/div>\n\t\t\t\t\t<\/div>\n\t\t<\/section>\n\t\t\t\t\t<\/div>\n\t\t<\/div>\n\t\t\t\t\t<\/div>\n\t\t<\/section>\n\t\t\t\t<section class=\"elementor-section elementor-top-section elementor-element elementor-element-1bf3a95 elementor-section-boxed elementor-section-height-default elementor-section-height-default\" data-id=\"1bf3a95\" data-element_type=\"section\">\n\t\t\t\t\t\t<div class=\"elementor-container elementor-column-gap-default\">\n\t\t\t\t\t<div class=\"elementor-column elementor-col-50 elementor-top-column elementor-element elementor-element-e8f0ded\" data-id=\"e8f0ded\" data-element_type=\"column\">\n\t\t\t<div class=\"elementor-widget-wrap\">\n\t\t\t\t\t\t\t<\/div>\n\t\t<\/div>\n\t\t\t\t<div class=\"elementor-column elementor-col-50 elementor-top-column elementor-element elementor-element-c1e4f01\" data-id=\"c1e4f01\" data-element_type=\"column\">\n\t\t\t<div class=\"elementor-widget-wrap\">\n\t\t\t\t\t\t\t<\/div>\n\t\t<\/div>\n\t\t\t\t\t<\/div>\n\t\t<\/section>\n\t\t\t\t<\/div>","protected":false},"excerpt":{"rendered":"<p>Our Partners DAMEN Galati: One Damen \u2013 One Family, one of the biggest shipbuilding companies in the world didn\u2019t stay indifferent and contributed to the safety of their family members, which includes also the Ukrainian colleagues. Practically, Damen Shipyards Gala\u021bi was one of the first entities that contributed to the Galati Community Center and HelpUkrainians [&hellip;]<\/p>","protected":false},"author":1,"featured_media":891,"parent":0,"menu_order":0,"comment_status":"closed","ping_status":"closed","template":"elementor_header_footer","meta":{"footnotes":""},"class_list":["post-744","page","type-page","status-publish","has-post-thumbnail","hentry"],"yoast_head":"<!-- This site is optimized with the Yoast SEO Premium plugin v24.9 (Yoast SEO v25.6) - https:\/\/yoast.com\/wordpress\/plugins\/seo\/ -->\n<title>Partners &#187; HelpUkrainians Association<\/title>\n<meta name=\"description\" content=\"Partners: Join us and get involved in building a self-sustaining Ukrainian community and establish a normal life for them. Together we create value for the local community.\" \/>\n<meta name=\"robots\" content=\"index, follow, max-snippet:-1, max-image-preview:large, max-video-preview:-1\" \/>\n<link rel=\"canonical\" href=\"https:\/\/helpukrainians.ro\/ro\/partners\/\" \/>\n<meta property=\"og:locale\" content=\"ro_RO\" \/>\n<meta property=\"og:type\" content=\"article\" \/>\n<meta property=\"og:title\" content=\"Partners\" \/>\n<meta property=\"og:description\" content=\"Join us and get involved in building a self-sustaining Ukrainian community and establish a normal life for them. Together we create value for the local community.\" \/>\n<meta property=\"og:url\" content=\"https:\/\/helpukrainians.ro\/ro\/partners\/\" \/>\n<meta property=\"og:site_name\" content=\"HelpUkrainians Association\" \/>\n<meta property=\"article:modified_time\" content=\"2022-09-22T08:58:22+00:00\" \/>\n<meta property=\"og:image\" content=\"https:\/\/helpukrainians.ro\/wp-content\/uploads\/2022\/09\/Our-Partners-1.png\" \/>\n\t<meta property=\"og:image:width\" content=\"2337\" \/>\n\t<meta property=\"og:image:height\" content=\"1110\" \/>\n\t<meta property=\"og:image:type\" content=\"image\/png\" \/>\n<meta name=\"twitter:card\" content=\"summary_large_image\" \/>\n<meta name=\"twitter:label1\" content=\"Timp estimat pentru citire\" \/>\n\t<meta name=\"twitter:data1\" content=\"2 minute\" \/>\n<script type=\"application\/ld+json\" class=\"yoast-schema-graph\">{\"@context\":\"https:\/\/schema.org\",\"@graph\":[{\"@type\":\"WebPage\",\"@id\":\"https:\/\/helpukrainians.ro\/partners\/\",\"url\":\"https:\/\/helpukrainians.ro\/partners\/\",\"name\":\"Partners &#187; HelpUkrainians Association\",\"isPartOf\":{\"@id\":\"https:\/\/helpukrainians.ro\/#website\"},\"primaryImageOfPage\":{\"@id\":\"https:\/\/helpukrainians.ro\/partners\/#primaryimage\"},\"image\":{\"@id\":\"https:\/\/helpukrainians.ro\/partners\/#primaryimage\"},\"thumbnailUrl\":\"https:\/\/helpukrainians.ro\/wp-content\/uploads\/2022\/09\/Our-Partners-1.avif\",\"datePublished\":\"2022-08-03T15:28:42+00:00\",\"dateModified\":\"2022-09-22T08:58:22+00:00\",\"description\":\"Partners: Join us and get involved in building a self-sustaining Ukrainian community and establish a normal life for them. Together we create value for the local community.\",\"breadcrumb\":{\"@id\":\"https:\/\/helpukrainians.ro\/partners\/#breadcrumb\"},\"inLanguage\":\"ro-RO\",\"potentialAction\":[{\"@type\":\"ReadAction\",\"target\":[\"https:\/\/helpukrainians.ro\/partners\/\"]}]},{\"@type\":\"ImageObject\",\"inLanguage\":\"ro-RO\",\"@id\":\"https:\/\/helpukrainians.ro\/partners\/#primaryimage\",\"url\":\"https:\/\/helpukrainians.ro\/wp-content\/uploads\/2022\/09\/Our-Partners-1.avif\",\"contentUrl\":\"https:\/\/helpukrainians.ro\/wp-content\/uploads\/2022\/09\/Our-Partners-1.avif\",\"width\":2337,\"height\":1110,\"caption\":\"Our Partners HelpUkrainians Association\"},{\"@type\":\"BreadcrumbList\",\"@id\":\"https:\/\/helpukrainians.ro\/partners\/#breadcrumb\",\"itemListElement\":[{\"@type\":\"ListItem\",\"position\":1,\"name\":\"Home\",\"item\":\"https:\/\/helpukrainians.ro\/\"},{\"@type\":\"ListItem\",\"position\":2,\"name\":\"Partners\"}]},{\"@type\":\"WebSite\",\"@id\":\"https:\/\/helpukrainians.ro\/#website\",\"url\":\"https:\/\/helpukrainians.ro\/\",\"name\":\"HelpUkrainians Association\",\"description\":\"Based in Galati, Romania\",\"publisher\":{\"@id\":\"https:\/\/helpukrainians.ro\/#organization\"},\"potentialAction\":[{\"@type\":\"SearchAction\",\"target\":{\"@type\":\"EntryPoint\",\"urlTemplate\":\"https:\/\/helpukrainians.ro\/?s={search_term_string}\"},\"query-input\":{\"@type\":\"PropertyValueSpecification\",\"valueRequired\":true,\"valueName\":\"search_term_string\"}}],\"inLanguage\":\"ro-RO\"},{\"@type\":[\"Organization\",\"Place\"],\"@id\":\"https:\/\/helpukrainians.ro\/#organization\",\"name\":\"HelpUkrainians Association\",\"url\":\"https:\/\/helpukrainians.ro\/\",\"logo\":{\"@id\":\"https:\/\/helpukrainians.ro\/partners\/#local-main-organization-logo\"},\"image\":{\"@id\":\"https:\/\/helpukrainians.ro\/partners\/#local-main-organization-logo\"},\"address\":{\"@id\":\"https:\/\/helpukrainians.ro\/partners\/#local-main-place-address\"},\"telephone\":[\"0040724654927\"],\"openingHoursSpecification\":[{\"@type\":\"OpeningHoursSpecification\",\"dayOfWeek\":[\"Monday\",\"Tuesday\",\"Wednesday\",\"Thursday\",\"Friday\",\"Saturday\",\"Sunday\"],\"opens\":\"09:00\",\"closes\":\"17:00\"}],\"areaServed\":\"Gala\u021bi\",\"taxID\":\"46401280\"},{\"@type\":\"PostalAddress\",\"@id\":\"https:\/\/helpukrainians.ro\/partners\/#local-main-place-address\",\"streetAddress\":\"str. Mihai Bravu nr. 8, Lot 1\",\"addressLocality\":\"Gala\u021bi\",\"postalCode\":\"800222\",\"addressRegion\":\"Gala\u021bi\",\"addressCountry\":\"RO\"},{\"@type\":\"ImageObject\",\"inLanguage\":\"ro-RO\",\"@id\":\"https:\/\/helpukrainians.ro\/partners\/#local-main-organization-logo\",\"url\":\"https:\/\/helpukrainians.ro\/wp-content\/uploads\/2022\/07\/UA_logo_FINAL-1-1.svg\",\"contentUrl\":\"https:\/\/helpukrainians.ro\/wp-content\/uploads\/2022\/07\/UA_logo_FINAL-1-1.svg\",\"width\":183,\"height\":75,\"caption\":\"HelpUkrainians Association\"}]}<\/script>\n<meta name=\"geo.placename\" content=\"Gala\u021bi\" \/>\n<meta name=\"geo.region\" content=\"Rom\u00e2nia\" \/>\n<!-- \/ Yoast SEO Premium plugin. -->","yoast_head_json":{"title":"Partners &#187; HelpUkrainians Association","description":"Partners: Join us and get involved in building a self-sustaining Ukrainian community and establish a normal life for them. Together we create value for the local community.","robots":{"index":"index","follow":"follow","max-snippet":"max-snippet:-1","max-image-preview":"max-image-preview:large","max-video-preview":"max-video-preview:-1"},"canonical":"https:\/\/helpukrainians.ro\/ro\/partners\/","og_locale":"ro_RO","og_type":"article","og_title":"Partners","og_description":"Join us and get involved in building a self-sustaining Ukrainian community and establish a normal life for them. Together we create value for the local community.","og_url":"https:\/\/helpukrainians.ro\/ro\/partners\/","og_site_name":"HelpUkrainians Association","article_modified_time":"2022-09-22T08:58:22+00:00","og_image":[{"width":2337,"height":1110,"url":"https:\/\/helpukrainians.ro\/wp-content\/uploads\/2022\/09\/Our-Partners-1.png","type":"image\/png"}],"twitter_card":"summary_large_image","twitter_misc":{"Timp estimat pentru citire":"2 minute"},"schema":{"@context":"https:\/\/schema.org","@graph":[{"@type":"WebPage","@id":"https:\/\/helpukrainians.ro\/partners\/","url":"https:\/\/helpukrainians.ro\/partners\/","name":"Partners &#187; HelpUkrainians Association","isPartOf":{"@id":"https:\/\/helpukrainians.ro\/#website"},"primaryImageOfPage":{"@id":"https:\/\/helpukrainians.ro\/partners\/#primaryimage"},"image":{"@id":"https:\/\/helpukrainians.ro\/partners\/#primaryimage"},"thumbnailUrl":"https:\/\/helpukrainians.ro\/wp-content\/uploads\/2022\/09\/Our-Partners-1.avif","datePublished":"2022-08-03T15:28:42+00:00","dateModified":"2022-09-22T08:58:22+00:00","description":"Partners: Join us and get involved in building a self-sustaining Ukrainian community and establish a normal life for them. Together we create value for the local community.","breadcrumb":{"@id":"https:\/\/helpukrainians.ro\/partners\/#breadcrumb"},"inLanguage":"ro-RO","potentialAction":[{"@type":"ReadAction","target":["https:\/\/helpukrainians.ro\/partners\/"]}]},{"@type":"ImageObject","inLanguage":"ro-RO","@id":"https:\/\/helpukrainians.ro\/partners\/#primaryimage","url":"https:\/\/helpukrainians.ro\/wp-content\/uploads\/2022\/09\/Our-Partners-1.avif","contentUrl":"https:\/\/helpukrainians.ro\/wp-content\/uploads\/2022\/09\/Our-Partners-1.avif","width":2337,"height":1110,"caption":"Our Partners HelpUkrainians Association"},{"@type":"BreadcrumbList","@id":"https:\/\/helpukrainians.ro\/partners\/#breadcrumb","itemListElement":[{"@type":"ListItem","position":1,"name":"Home","item":"https:\/\/helpukrainians.ro\/"},{"@type":"ListItem","position":2,"name":"Partners"}]},{"@type":"WebSite","@id":"https:\/\/helpukrainians.ro\/#website","url":"https:\/\/helpukrainians.ro\/","name":"HelpUkrainians Association","description":"Based in Galati, Romania","publisher":{"@id":"https:\/\/helpukrainians.ro\/#organization"},"potentialAction":[{"@type":"SearchAction","target":{"@type":"EntryPoint","urlTemplate":"https:\/\/helpukrainians.ro\/?s={search_term_string}"},"query-input":{"@type":"PropertyValueSpecification","valueRequired":true,"valueName":"search_term_string"}}],"inLanguage":"ro-RO"},{"@type":["Organization","Place"],"@id":"https:\/\/helpukrainians.ro\/#organization","name":"HelpUkrainians Association","url":"https:\/\/helpukrainians.ro\/","logo":{"@id":"https:\/\/helpukrainians.ro\/partners\/#local-main-organization-logo"},"image":{"@id":"https:\/\/helpukrainians.ro\/partners\/#local-main-organization-logo"},"address":{"@id":"https:\/\/helpukrainians.ro\/partners\/#local-main-place-address"},"telephone":["0040724654927"],"openingHoursSpecification":[{"@type":"OpeningHoursSpecification","dayOfWeek":["Monday","Tuesday","Wednesday","Thursday","Friday","Saturday","Sunday"],"opens":"09:00","closes":"17:00"}],"areaServed":"Gala\u021bi","taxID":"46401280"},{"@type":"PostalAddress","@id":"https:\/\/helpukrainians.ro\/partners\/#local-main-place-address","streetAddress":"str. Mihai Bravu nr. 8, Lot 1","addressLocality":"Gala\u021bi","postalCode":"800222","addressRegion":"Gala\u021bi","addressCountry":"RO"},{"@type":"ImageObject","inLanguage":"ro-RO","@id":"https:\/\/helpukrainians.ro\/partners\/#local-main-organization-logo","url":"https:\/\/helpukrainians.ro\/wp-content\/uploads\/2022\/07\/UA_logo_FINAL-1-1.svg","contentUrl":"https:\/\/helpukrainians.ro\/wp-content\/uploads\/2022\/07\/UA_logo_FINAL-1-1.svg","width":183,"height":75,"caption":"HelpUkrainians Association"}]},"geo.placename":"Gala\u021bi","geo.region":"Rom\u00e2nia"},"_links":{"self":[{"href":"https:\/\/helpukrainians.ro\/ro\/wp-json\/wp\/v2\/pages\/744","targetHints":{"allow":["GET"]}}],"collection":[{"href":"https:\/\/helpukrainians.ro\/ro\/wp-json\/wp\/v2\/pages"}],"about":[{"href":"https:\/\/helpukrainians.ro\/ro\/wp-json\/wp\/v2\/types\/page"}],"author":[{"embeddable":true,"href":"https:\/\/helpukrainians.ro\/ro\/wp-json\/wp\/v2\/users\/1"}],"replies":[{"embeddable":true,"href":"https:\/\/helpukrainians.ro\/ro\/wp-json\/wp\/v2\/comments?post=744"}],"version-history":[{"count":0,"href":"https:\/\/helpukrainians.ro\/ro\/wp-json\/wp\/v2\/pages\/744\/revisions"}],"wp:featuredmedia":[{"embeddable":true,"href":"https:\/\/helpukrainians.ro\/ro\/wp-json\/wp\/v2\/media\/891"}],"wp:attachment":[{"href":"https:\/\/helpukrainians.ro\/ro\/wp-json\/wp\/v2\/media?parent=744"}],"curies":[{"name":"wp","href":"https:\/\/api.w.org\/{rel}","templated":true}]}}